{"id":4041,"date":"2021-03-22T11:51:21","date_gmt":"2021-03-22T10:51:21","guid":{"rendered":"https:\/\/www.leclare.it\/product\/le-clare-nuvola-gufo-pantofola-invernale-uomo-in-panno-di-lana-con-gufo-applicato-a-mano-e-plantare-estraibile-colore-grigio-arancio\/"},"modified":"2023-03-15T09:54:06","modified_gmt":"2023-03-15T08:54:06","slug":"le-clare-nuvola-gufo-pantofola-invernale-uomo-in-panno-di-lana-con-gufo-applicato-a-mano-e-plantare-estraibile-colore-grigio-arancio","status":"publish","type":"product","link":"https:\/\/www.leclare.it\/de\/shop\/inverno\/le-clare-nuvola-gufo-pantofola-invernale-uomo-in-panno-di-lana-con-gufo-applicato-a-mano-e-plantare-estraibile-colore-grigio-arancio\/","title":{"rendered":"Pantoffeln Nuvola Gufo"},"content":{"rendered":"<p><span style=\"font-weight: 400\">Le Clare bietet einen Pantoffel an, der aufgrund seiner Leichtigkeit und vor allem der hochgezogenen Einlegesohle im hinteren Bereich gro\u00dfen Erfolg hat. Der Pantoffel ist aus Wollstoff gefertigt. Eule auf das Oberteil von Hand gen\u00e4ht. Die R\u00fcckseite ist mit einer Einfassung versehen, die daf\u00fcr sorgt, dass die Sohle nicht herausrutscht. <\/span><\/p>\n<p><span style=\"font-weight: 400\">Die Unterseite besteht aus gepresstem Stoff mit einer Latex- und Gummibeschichtung, die als Anti-Rutsch-Beschichtung dient. Er kann bei maximal 30\u00b0 in der Maschine oder von Hand gewaschen werden, wobei die Sohle herausgenommen werden muss, die separat gewaschen werden muss. Erh\u00e4ltlich von Gr\u00f6\u00dfe 35 bis Gr\u00f6\u00dfe 46.<\/span><\/p>\n","protected":false},"excerpt":{"rendered":"<ul>\n<li><span style=\"font-weight: 400\">Sehr leichter Hausschuh<\/span><\/li>\n<li><span style=\"font-weight: 400\"> Hochgezogene Innensohle hinten<\/span><\/li>\n<li><span style=\"font-weight: 400\">Wollstoff<\/span><\/li>\n<li><span style=\"font-weight: 400\">Mit Posamenten verziert<\/span><\/li>\n<li><span style=\"font-weight: 400\"> Gepresste Stoffsohle mit rutschfester Latex- und Gummibeschichtung <\/span><\/li>\n<li><span style=\"font-weight: 400\">Herausnehmbares Fu\u00dfbett<\/span><\/li>\n<li><span style=\"font-weight: 400\">Eule auf das Oberteil von Hand gen\u00e4ht.<\/span><\/li>\n<\/ul>\n","protected":false},"featured_media":5887,"comment_status":"closed","ping_status":"closed","template":"","meta":{"_trash_the_other_posts":false},"product_brand":[],"product_cat":[147,144],"product_tag":[],"class_list":{"0":"post-4041","1":"product","2":"type-product","3":"status-publish","4":"has-post-thumbnail","6":"product_cat-inverno","7":"product_cat-uomo","8":"pa_size-35-eu","9":"pa_size-36-eu","10":"pa_size-37-eu","11":"pa_size-38-eu","12":"pa_size-39-eu","13":"pa_size-40-eu","14":"pa_size-41-eu","15":"pa_size-42-eu","16":"pa_size-43-eu","17":"pa_size-44-eu","18":"pa_size-45-eu","19":"pa_size-46-eu","21":"first","22":"instock","23":"taxable","24":"shipping-taxable","25":"purchasable","26":"product-type-variable"},"_links":{"self":[{"href":"https:\/\/www.leclare.it\/de\/wp-json\/wp\/v2\/product\/4041","targetHints":{"allow":["GET"]}}],"collection":[{"href":"https:\/\/www.leclare.it\/de\/wp-json\/wp\/v2\/product"}],"about":[{"href":"https:\/\/www.leclare.it\/de\/wp-json\/wp\/v2\/types\/product"}],"replies":[{"embeddable":true,"href":"https:\/\/www.leclare.it\/de\/wp-json\/wp\/v2\/comments?post=4041"}],"wp:featuredmedia":[{"embeddable":true,"href":"https:\/\/www.leclare.it\/de\/wp-json\/wp\/v2\/media\/5887"}],"wp:attachment":[{"href":"https:\/\/www.leclare.it\/de\/wp-json\/wp\/v2\/media?parent=4041"}],"wp:term":[{"taxonomy":"product_brand","embeddable":true,"href":"https:\/\/www.leclare.it\/de\/wp-json\/wp\/v2\/product_brand?post=4041"},{"taxonomy":"product_cat","embeddable":true,"href":"https:\/\/www.leclare.it\/de\/wp-json\/wp\/v2\/product_cat?post=4041"},{"taxonomy":"product_tag","embeddable":true,"href":"https:\/\/www.leclare.it\/de\/wp-json\/wp\/v2\/product_tag?post=4041"}],"curies":[{"name":"wp","href":"https:\/\/api.w.org\/{rel}","templated":true}]}}