{"id":3173,"date":"2021-03-22T09:53:59","date_gmt":"2021-03-22T09:53:59","guid":{"rendered":"https:\/\/www.leclare.it\/product\/le-clare-seba-tinta-unita-pantofola-invernale-donna-in-lana-cotta\/"},"modified":"2024-01-12T11:07:37","modified_gmt":"2024-01-12T10:07:37","slug":"le-clare-seba-tinta-unita-pantofola-invernale-donna-in-lana-cotta","status":"publish","type":"product","link":"https:\/\/www.leclare.it\/de\/shop\/donna\/le-clare-seba-tinta-unita-pantofola-invernale-donna-in-lana-cotta\/","title":{"rendered":"Pantoffeln SEBA Tinta Unita"},"content":{"rendered":"<p>F\u00fcr die Wintersaison bietet LeClare einen Hausschuh aus 100% reiner gekochter Wolle an. Der Pantoffel hat ein Obermaterial und eine Innensohle, die vollst\u00e4ndig aus gekochter Wolle bestehen. Die Bes\u00e4tze sind aus Ton-in-Ton-Wolle. Die 6 mm starke Innenpolsterung macht den Kontakt mit dem Fu\u00df sehr angenehm. Die Unterseite ist aus gepresstem Stoff mit einer Latex- und Gummibeschichtung, die als rutschfest gilt. Kann in der Maschine bis 30\u00b0 gewaschen oder mit der Hand gewaschen werden. Erh\u00e4ltlich von Gr\u00f6\u00dfe 35 bis Gr\u00f6\u00dfe 48.<\/p>\n","protected":false},"excerpt":{"rendered":"<ul>\n<li>100% reine gekochte Wolle<\/li>\n<li>Obermaterial und Innensohle aus gekochter Wolle<\/li>\n<li>Ton-in-Ton-Bes\u00e4tze aus Wolle<\/li>\n<li>6 mm Innenpolsterung<\/li>\n<li>Boden aus gepresstem Stoff mit Latex und rutschfester Gummibeschichtung<\/li>\n<\/ul>\n","protected":false},"featured_media":6017,"comment_status":"closed","ping_status":"closed","template":"","meta":{"_trash_the_other_posts":false},"product_brand":[],"product_cat":[145,147],"product_tag":[179],"class_list":{"0":"post-3173","1":"product","2":"type-product","3":"status-publish","4":"has-post-thumbnail","6":"product_cat-donna","7":"product_cat-inverno","8":"product_tag-seba","9":"pa_size-35-eu","10":"pa_size-36-eu","11":"pa_size-37-eu","12":"pa_size-38-eu","13":"pa_size-39-eu","14":"pa_size-40-eu","15":"pa_size-41-eu","16":"pa_size-42-eu","17":"pa_size-43-eu","18":"pa_size-44-eu","19":"pa_size-45-eu","20":"pa_size-46-eu","21":"pa_size-47-eu","22":"pa_size-48-eu","24":"first","25":"instock","26":"taxable","27":"shipping-taxable","28":"purchasable","29":"product-type-variable"},"_links":{"self":[{"href":"https:\/\/www.leclare.it\/de\/wp-json\/wp\/v2\/product\/3173","targetHints":{"allow":["GET"]}}],"collection":[{"href":"https:\/\/www.leclare.it\/de\/wp-json\/wp\/v2\/product"}],"about":[{"href":"https:\/\/www.leclare.it\/de\/wp-json\/wp\/v2\/types\/product"}],"replies":[{"embeddable":true,"href":"https:\/\/www.leclare.it\/de\/wp-json\/wp\/v2\/comments?post=3173"}],"wp:featuredmedia":[{"embeddable":true,"href":"https:\/\/www.leclare.it\/de\/wp-json\/wp\/v2\/media\/6017"}],"wp:attachment":[{"href":"https:\/\/www.leclare.it\/de\/wp-json\/wp\/v2\/media?parent=3173"}],"wp:term":[{"taxonomy":"product_brand","embeddable":true,"href":"https:\/\/www.leclare.it\/de\/wp-json\/wp\/v2\/product_brand?post=3173"},{"taxonomy":"product_cat","embeddable":true,"href":"https:\/\/www.leclare.it\/de\/wp-json\/wp\/v2\/product_cat?post=3173"},{"taxonomy":"product_tag","embeddable":true,"href":"https:\/\/www.leclare.it\/de\/wp-json\/wp\/v2\/product_tag?post=3173"}],"curies":[{"name":"wp","href":"https:\/\/api.w.org\/{rel}","templated":true}]}}