{"id":2958,"date":"2021-03-22T10:48:07","date_gmt":"2021-03-22T09:48:07","guid":{"rendered":"https:\/\/www.leclare.it\/product\/le-clare-spot-bicolore-pantofola-invernale-donna-in-panno-di-lana\/"},"modified":"2025-12-14T17:58:46","modified_gmt":"2025-12-14T16:58:46","slug":"le-clare-spot-bicolore-pantofola-invernale-donna-in-panno-di-lana","status":"publish","type":"product","link":"https:\/\/www.leclare.it\/de\/shop\/donna\/le-clare-spot-bicolore-pantofola-invernale-donna-in-panno-di-lana\/","title":{"rendered":"Pantoffeln Spot Bicolore"},"content":{"rendered":"<p><span style=\"font-weight: 400\">F\u00fcr die Wintersaison bietet Le Clare einen sehr sch\u00f6nen, zweifarbigen Hausschuh an. Der Pantoffel ist aus Wollstoff gefertigt. <b>\u00a0<\/b>Einlegesohle in Kontrastfarbe zum Obermaterial<\/span><\/p>\n<p><span style=\"font-weight: 400\">Die Unterseite besteht aus gepresstem Stoff mit einer Latexbeschichtung, die als rutschfest wirkt. Es kann bei max. 30\u00b0 in der Maschine gewaschen oder mit der Hand gewaschen werden. Erh\u00e4ltlich von Gr\u00f6\u00dfe 35 bis Gr\u00f6\u00dfe 48.<\/span><\/p>\n","protected":false},"excerpt":{"rendered":"<ul>\n<li><span style=\"font-weight: 400\">Wolltuch, <\/span><span style=\"font-weight: 400\">gepresster <\/span><\/li>\n<li><span style=\"font-weight: 400\">Stoffboden mit rutschfester Latexbeschichtung<\/span><\/li>\n<\/ul>\n","protected":false},"featured_media":5918,"comment_status":"closed","ping_status":"closed","template":"","meta":{"_trash_the_other_posts":false},"product_brand":[],"product_cat":[145,147],"product_tag":[180],"class_list":{"0":"post-2958","1":"product","2":"type-product","3":"status-publish","4":"has-post-thumbnail","6":"product_cat-donna","7":"product_cat-inverno","8":"product_tag-spot","9":"pa_size-35-eu","10":"pa_size-36-eu","11":"pa_size-37-eu","12":"pa_size-38-eu","13":"pa_size-39-eu","14":"pa_size-40-eu","15":"pa_size-41-eu","16":"pa_size-42-eu","17":"pa_size-43-eu","18":"pa_size-44-eu","19":"pa_size-45-eu","20":"pa_size-46-eu","21":"pa_size-47-eu","22":"pa_size-48-eu","24":"first","25":"instock","26":"taxable","27":"shipping-taxable","28":"purchasable","29":"product-type-variable","30":"has-default-attributes"},"_links":{"self":[{"href":"https:\/\/www.leclare.it\/de\/wp-json\/wp\/v2\/product\/2958","targetHints":{"allow":["GET"]}}],"collection":[{"href":"https:\/\/www.leclare.it\/de\/wp-json\/wp\/v2\/product"}],"about":[{"href":"https:\/\/www.leclare.it\/de\/wp-json\/wp\/v2\/types\/product"}],"replies":[{"embeddable":true,"href":"https:\/\/www.leclare.it\/de\/wp-json\/wp\/v2\/comments?post=2958"}],"wp:featuredmedia":[{"embeddable":true,"href":"https:\/\/www.leclare.it\/de\/wp-json\/wp\/v2\/media\/5918"}],"wp:attachment":[{"href":"https:\/\/www.leclare.it\/de\/wp-json\/wp\/v2\/media?parent=2958"}],"wp:term":[{"taxonomy":"product_brand","embeddable":true,"href":"https:\/\/www.leclare.it\/de\/wp-json\/wp\/v2\/product_brand?post=2958"},{"taxonomy":"product_cat","embeddable":true,"href":"https:\/\/www.leclare.it\/de\/wp-json\/wp\/v2\/product_cat?post=2958"},{"taxonomy":"product_tag","embeddable":true,"href":"https:\/\/www.leclare.it\/de\/wp-json\/wp\/v2\/product_tag?post=2958"}],"curies":[{"name":"wp","href":"https:\/\/api.w.org\/{rel}","templated":true}]}}