{"id":2528,"date":"2021-03-22T10:25:52","date_gmt":"2021-03-22T09:25:52","guid":{"rendered":"https:\/\/www.leclare.it\/product\/le-clare-stella-treccia-pantofola-invernale-uomo-in-lana-cotta-intrecciata\/"},"modified":"2023-03-15T10:05:34","modified_gmt":"2023-03-15T09:05:34","slug":"le-clare-stella-treccia-pantofola-invernale-uomo-in-lana-cotta-intrecciata","status":"publish","type":"product","link":"https:\/\/www.leclare.it\/de\/shop\/inverno\/le-clare-stella-treccia-pantofola-invernale-uomo-in-lana-cotta-intrecciata\/","title":{"rendered":"Pantoffeln Stella Treccia"},"content":{"rendered":"<p><span style=\"font-weight: 400\">F\u00fcr die Wintersaison bietet Le Clare den feinsten Hausschuh der Kollektion an, der aus 100% reiner gekochter Wolle gewebt ist. <\/span><span style=\"font-weight: 400\">Das Obermaterial und die Innensohle des Hausschuhs bestehen vollst\u00e4ndig aus gekochter Wolle.<b>\u00a0<\/b>Obermaterial ist mit Lammwolle gef\u00fcttert.<\/span><\/p>\n<p><span style=\"font-weight: 400\">Die Bes\u00e4tze sind aus Ton-in-Ton-Wolle gefertigt. Die starke 6 mm-Innenpolsterung macht den Kontakt mit dem Fu\u00df sehr angenehm. <\/span><span style=\"font-weight: 400\">Die Unterseite besteht aus gepresstem Stoff mit einer Latex- und Gummibeschichtung, die als rutschfest wirkt. <\/span><span style=\"font-weight: 400\">Kann bei bis zu 30\u00b0 in der Maschine oder mit der Hand gewaschen werden. Erh\u00e4ltlich von Gr\u00f6\u00dfe 35 bis Gr\u00f6\u00dfe 48.<\/span><\/p>\n","protected":false},"excerpt":{"rendered":"<ul>\n<li><span style=\"font-weight: 400\">100% geflochtene gekochte Wolle<\/span><\/li>\n<li><span style=\"font-weight: 400\">Obermaterial und Innensohle komplett aus gekochter Wolle<\/span><\/li>\n<li><span style=\"font-weight: 400\">Ton-in-Ton-Wollbes\u00e4tze<\/span><\/li>\n<li><span style=\"font-weight: 400\">6-mm-Innenpolsterung<\/span><\/li>\n<li><span style=\"font-weight: 400\"> gepresster Stoffboden mit rutschfester Latex- und Gummibeschichtung<\/span><\/li>\n<li><\/li>\n<\/ul>\n","protected":false},"featured_media":5936,"comment_status":"closed","ping_status":"closed","template":"","meta":{"_trash_the_other_posts":false},"product_brand":[],"product_cat":[147,144],"product_tag":[177],"class_list":{"0":"post-2528","1":"product","2":"type-product","3":"status-publish","4":"has-post-thumbnail","6":"product_cat-inverno","7":"product_cat-uomo","8":"product_tag-stella","9":"pa_size-35-eu","10":"pa_size-36-eu","11":"pa_size-37-eu","12":"pa_size-38-eu","13":"pa_size-39-eu","14":"pa_size-40-eu","15":"pa_size-41-eu","16":"pa_size-42-eu","17":"pa_size-43-eu","18":"pa_size-44-eu","19":"pa_size-45-eu","20":"pa_size-46-eu","21":"pa_size-47-eu","22":"pa_size-48-eu","24":"first","25":"instock","26":"taxable","27":"shipping-taxable","28":"purchasable","29":"product-type-variable","30":"has-default-attributes"},"_links":{"self":[{"href":"https:\/\/www.leclare.it\/de\/wp-json\/wp\/v2\/product\/2528","targetHints":{"allow":["GET"]}}],"collection":[{"href":"https:\/\/www.leclare.it\/de\/wp-json\/wp\/v2\/product"}],"about":[{"href":"https:\/\/www.leclare.it\/de\/wp-json\/wp\/v2\/types\/product"}],"replies":[{"embeddable":true,"href":"https:\/\/www.leclare.it\/de\/wp-json\/wp\/v2\/comments?post=2528"}],"wp:featuredmedia":[{"embeddable":true,"href":"https:\/\/www.leclare.it\/de\/wp-json\/wp\/v2\/media\/5936"}],"wp:attachment":[{"href":"https:\/\/www.leclare.it\/de\/wp-json\/wp\/v2\/media?parent=2528"}],"wp:term":[{"taxonomy":"product_brand","embeddable":true,"href":"https:\/\/www.leclare.it\/de\/wp-json\/wp\/v2\/product_brand?post=2528"},{"taxonomy":"product_cat","embeddable":true,"href":"https:\/\/www.leclare.it\/de\/wp-json\/wp\/v2\/product_cat?post=2528"},{"taxonomy":"product_tag","embeddable":true,"href":"https:\/\/www.leclare.it\/de\/wp-json\/wp\/v2\/product_tag?post=2528"}],"curies":[{"name":"wp","href":"https:\/\/api.w.org\/{rel}","templated":true}]}}