{"id":13634,"date":"2022-06-22T08:33:07","date_gmt":"2022-06-22T07:33:07","guid":{"rendered":"https:\/\/www.leclare.it\/?post_type=product&#038;p=13634"},"modified":"2024-01-18T17:14:13","modified_gmt":"2024-01-18T16:14:13","slug":"onda-pelle","status":"publish","type":"product","link":"https:\/\/www.leclare.it\/de\/shop\/estate\/onda-pelle\/","title":{"rendered":"Hausschuhe Onda pelle"},"content":{"rendered":"<p><span style=\"font-weight: 400\">Slipper mit ergonomischer Sohle. Das Onda-Modell ist mit einer Mikrofaser verbunden, die den Kontakt mit dem Fu\u00df sehr angenehm macht, einen guten Halt des Obermaterials garantiert und seine Verschlei\u00dffestigkeit erh\u00f6ht. Die Sohle ist ergonomisch, aus Latex und selbstmodellierendem Kork, gef\u00fcttert mit Leder, die runden 25-mm-Goldschnallen sind aus nickelfreiem Metall und die Sohle ist aus Mikropor\u00f6s. Erh\u00e4ltlich von Gr\u00f6\u00dfe 35 bis Gr\u00f6\u00dfe 42, in einer breiten Farbpalette.<\/span><\/p>\n","protected":false},"excerpt":{"rendered":"<ul>\n<li><span style=\"font-weight: 400\">Glattes Kalbsleder in einer breiten Farbpalette<\/span><\/li>\n<li><span style=\"font-weight: 400\">Mikrofaser, die den Kontakt mit dem Fu\u00df sehr angenehm macht, einen guten Halt des Obermaterials garantiert und seine Verschlei\u00dffestigkeit erh\u00f6ht<\/span><\/li>\n<li><span style=\"font-weight: 400\">Ergonomische Sohle aus Latex und Kork<\/span><\/li>\n<li><span style=\"font-weight: 400\">Das selbstmodellierend und schwei\u00dfhemmend ist und mit Leder gef\u00fcttert ist<\/span><\/li>\n<li><span style=\"font-weight: 400\">Runde 25-mm-Goldschnallen aus nickelfreiem Metall<\/span><\/li>\n<li><span style=\"font-weight: 400\">Mikropor\u00f6se Sohle<\/span><\/li>\n<\/ul>\n","protected":false},"featured_media":13747,"comment_status":"open","ping_status":"closed","template":"","meta":{"_trash_the_other_posts":false},"product_brand":[],"product_cat":[146,145],"product_tag":[],"class_list":{"0":"post-13634","1":"product","2":"type-product","3":"status-publish","4":"has-post-thumbnail","6":"product_cat-estate","7":"product_cat-donna","8":"pa_size-35-eu","9":"pa_size-36-eu","10":"pa_size-37-eu","11":"pa_size-38-eu","12":"pa_size-39-eu","13":"pa_size-40-eu","14":"pa_size-41-eu","15":"pa_size-42-eu","16":"pa_size-43-eu","17":"pa_size-44-eu","19":"first","20":"instock","21":"taxable","22":"shipping-taxable","23":"purchasable","24":"product-type-variable","25":"has-default-attributes"},"_links":{"self":[{"href":"https:\/\/www.leclare.it\/de\/wp-json\/wp\/v2\/product\/13634","targetHints":{"allow":["GET"]}}],"collection":[{"href":"https:\/\/www.leclare.it\/de\/wp-json\/wp\/v2\/product"}],"about":[{"href":"https:\/\/www.leclare.it\/de\/wp-json\/wp\/v2\/types\/product"}],"replies":[{"embeddable":true,"href":"https:\/\/www.leclare.it\/de\/wp-json\/wp\/v2\/comments?post=13634"}],"wp:featuredmedia":[{"embeddable":true,"href":"https:\/\/www.leclare.it\/de\/wp-json\/wp\/v2\/media\/13747"}],"wp:attachment":[{"href":"https:\/\/www.leclare.it\/de\/wp-json\/wp\/v2\/media?parent=13634"}],"wp:term":[{"taxonomy":"product_brand","embeddable":true,"href":"https:\/\/www.leclare.it\/de\/wp-json\/wp\/v2\/product_brand?post=13634"},{"taxonomy":"product_cat","embeddable":true,"href":"https:\/\/www.leclare.it\/de\/wp-json\/wp\/v2\/product_cat?post=13634"},{"taxonomy":"product_tag","embeddable":true,"href":"https:\/\/www.leclare.it\/de\/wp-json\/wp\/v2\/product_tag?post=13634"}],"curies":[{"name":"wp","href":"https:\/\/api.w.org\/{rel}","templated":true}]}}