{"id":13411,"date":"2022-06-22T08:42:11","date_gmt":"2022-06-22T07:42:11","guid":{"rendered":"https:\/\/www.leclare.it\/?post_type=product&#038;p=13411"},"modified":"2024-01-18T17:11:05","modified_gmt":"2024-01-18T16:11:05","slug":"shark-nabuk","status":"publish","type":"product","link":"https:\/\/www.leclare.it\/de\/shop\/estate\/shark-nabuk\/","title":{"rendered":"Sandalen Shark Nabuk"},"content":{"rendered":"<p><span style=\"font-weight: 400\">Sandale mit ergonomisch geformter Sohle. Shark ist eine Sandale aus hochwertigem Nubukleder, das den Kontakt mit dem Fu\u00df sehr angenehm macht. Der Riemen auf der R\u00fcckseite erm\u00f6glicht eine perfekte Anpassung des Fu\u00dfes, das Fu\u00dfbett ist ergonomisch, aus Latex und selbstmodellierendem Kork, gef\u00fcttert mit Leder, die Schnallen sind aus ultraleichtem 30-mm-Kunststoff und die Sohle ist aus mikropor\u00f6sem Material. Erh\u00e4ltlich von Gr\u00f6\u00dfe 35 bis Gr\u00f6\u00dfe 48 in 3 Farben.<\/span><\/p>\n","protected":false},"excerpt":{"rendered":"<ul>\n<li><span style=\"font-weight: 400\">Sehr hochwertiges Nubukleder, das den Kontakt mit dem Fu\u00df sehr angenehm macht<\/span><\/li>\n<li><span style=\"font-weight: 400\">Riemen auf der R\u00fcckseite, der eine perfekte Anpassung des Fu\u00dfes erm\u00f6glicht<\/span><\/li>\n<li><span style=\"font-weight: 400\">Ergonomische, selbstmodellierende und schwei\u00dfhemmende Sohle aus Latex und Kork<\/span><\/li>\n<li><span style=\"font-weight: 400\">Gef\u00fcttert mit Leder<\/span><\/li>\n<li><span style=\"font-weight: 400\"> Sehr leichte 30-mm-Kunststoffschnallen<\/span><\/li>\n<li><span style=\"font-weight: 400\">Mikropor\u00f6se Sohle<\/span><\/li>\n<\/ul>\n","protected":false},"featured_media":13465,"comment_status":"open","ping_status":"closed","template":"","meta":{"_trash_the_other_posts":false},"product_brand":[],"product_cat":[146,145,144],"product_tag":[],"class_list":{"0":"post-13411","1":"product","2":"type-product","3":"status-publish","4":"has-post-thumbnail","6":"product_cat-estate","7":"product_cat-donna","8":"product_cat-uomo","9":"pa_size-35-eu","10":"pa_size-36-eu","11":"pa_size-37-eu","12":"pa_size-38-eu","13":"pa_size-39-eu","14":"pa_size-40-eu","15":"pa_size-41-eu","16":"pa_size-42-eu","17":"pa_size-43-eu","18":"pa_size-44-eu","19":"pa_size-45-eu","20":"pa_size-46-eu","21":"pa_size-47-eu","22":"pa_size-48-eu","24":"first","25":"instock","26":"taxable","27":"shipping-taxable","28":"purchasable","29":"product-type-variable","30":"has-default-attributes"},"_links":{"self":[{"href":"https:\/\/www.leclare.it\/de\/wp-json\/wp\/v2\/product\/13411","targetHints":{"allow":["GET"]}}],"collection":[{"href":"https:\/\/www.leclare.it\/de\/wp-json\/wp\/v2\/product"}],"about":[{"href":"https:\/\/www.leclare.it\/de\/wp-json\/wp\/v2\/types\/product"}],"replies":[{"embeddable":true,"href":"https:\/\/www.leclare.it\/de\/wp-json\/wp\/v2\/comments?post=13411"}],"wp:featuredmedia":[{"embeddable":true,"href":"https:\/\/www.leclare.it\/de\/wp-json\/wp\/v2\/media\/13465"}],"wp:attachment":[{"href":"https:\/\/www.leclare.it\/de\/wp-json\/wp\/v2\/media?parent=13411"}],"wp:term":[{"taxonomy":"product_brand","embeddable":true,"href":"https:\/\/www.leclare.it\/de\/wp-json\/wp\/v2\/product_brand?post=13411"},{"taxonomy":"product_cat","embeddable":true,"href":"https:\/\/www.leclare.it\/de\/wp-json\/wp\/v2\/product_cat?post=13411"},{"taxonomy":"product_tag","embeddable":true,"href":"https:\/\/www.leclare.it\/de\/wp-json\/wp\/v2\/product_tag?post=13411"}],"curies":[{"name":"wp","href":"https:\/\/api.w.org\/{rel}","templated":true}]}}