{"id":13123,"date":"2022-06-22T08:44:43","date_gmt":"2022-06-22T07:44:43","guid":{"rendered":"https:\/\/www.leclare.it\/?post_type=product&#038;p=13123"},"modified":"2024-01-18T17:08:53","modified_gmt":"2024-01-18T16:08:53","slug":"cobra-nabuk-pelle","status":"publish","type":"product","link":"https:\/\/www.leclare.it\/de\/shop\/estate\/cobra-nabuk-pelle\/","title":{"rendered":"Sandalen Cobra Nabuk Pelle"},"content":{"rendered":"<p><span style=\"font-weight: 400\">Pantoffel mit anatomischem Korkfu\u00dfbett gegen Schwei\u00dfbildung. Sehr hochwertiges Material, das den Kontakt mit dem Fu\u00df sehr angenehm macht. Die Sohle ist aus ergonomischem Latex und selbstmodellierendem Kork und mit Leder gef\u00fcttert, die Schnallen sind aus 30 mm leichtem Kunststoff und die Sohle ist mikropor\u00f6s. Erh\u00e4ltlich von Gr\u00f6\u00dfe 35 bis Gr\u00f6\u00dfe 48.\u00a0<\/span><\/p>\n","protected":false},"excerpt":{"rendered":"<ul>\n<li><span style=\"font-weight: 400\">Hochwertiges Nubukleder, das den Kontakt mit dem Fu\u00df sehr angenehm macht<\/span><\/li>\n<li><span style=\"font-weight: 400\"> 3 Farbvarianten<\/span><\/li>\n<li><span style=\"font-weight: 400\">Ergonomische<\/span><\/li>\n<li><span style=\"font-weight: 400\">Selbstmodellierende und schwei\u00dfhemmende Sohle aus Latex und Kork<\/span><\/li>\n<li><span style=\"font-weight: 400\">Gef\u00fcttert mit Leder<\/span><\/li>\n<li><span style=\"font-weight: 400\">Ultraleichte 30-mm-Kunststoffschnallen<\/span><\/li>\n<li><span style=\"font-weight: 400\">Mikropor\u00f6se Sohle<\/span><\/li>\n<\/ul>\n","protected":false},"featured_media":13178,"comment_status":"open","ping_status":"closed","template":"","meta":{"_trash_the_other_posts":false},"product_brand":[],"product_cat":[146,145,144],"product_tag":[],"class_list":{"0":"post-13123","1":"product","2":"type-product","3":"status-publish","4":"has-post-thumbnail","6":"product_cat-estate","7":"product_cat-donna","8":"product_cat-uomo","9":"pa_size-35-eu","10":"pa_size-36-eu","11":"pa_size-37-eu","12":"pa_size-38-eu","13":"pa_size-39-eu","14":"pa_size-40-eu","15":"pa_size-41-eu","16":"pa_size-42-eu","17":"pa_size-43-eu","18":"pa_size-44-eu","19":"pa_size-45-eu","20":"pa_size-46-eu","21":"pa_size-47-eu","22":"pa_size-48-eu","24":"first","25":"instock","26":"taxable","27":"shipping-taxable","28":"purchasable","29":"product-type-variable","30":"has-default-attributes"},"_links":{"self":[{"href":"https:\/\/www.leclare.it\/de\/wp-json\/wp\/v2\/product\/13123","targetHints":{"allow":["GET"]}}],"collection":[{"href":"https:\/\/www.leclare.it\/de\/wp-json\/wp\/v2\/product"}],"about":[{"href":"https:\/\/www.leclare.it\/de\/wp-json\/wp\/v2\/types\/product"}],"replies":[{"embeddable":true,"href":"https:\/\/www.leclare.it\/de\/wp-json\/wp\/v2\/comments?post=13123"}],"wp:featuredmedia":[{"embeddable":true,"href":"https:\/\/www.leclare.it\/de\/wp-json\/wp\/v2\/media\/13178"}],"wp:attachment":[{"href":"https:\/\/www.leclare.it\/de\/wp-json\/wp\/v2\/media?parent=13123"}],"wp:term":[{"taxonomy":"product_brand","embeddable":true,"href":"https:\/\/www.leclare.it\/de\/wp-json\/wp\/v2\/product_brand?post=13123"},{"taxonomy":"product_cat","embeddable":true,"href":"https:\/\/www.leclare.it\/de\/wp-json\/wp\/v2\/product_cat?post=13123"},{"taxonomy":"product_tag","embeddable":true,"href":"https:\/\/www.leclare.it\/de\/wp-json\/wp\/v2\/product_tag?post=13123"}],"curies":[{"name":"wp","href":"https:\/\/api.w.org\/{rel}","templated":true}]}}