{"id":12542,"date":"2022-04-20T11:15:49","date_gmt":"2022-04-20T10:15:49","guid":{"rendered":"https:\/\/www.leclare.it\/?post_type=product&#038;p=12542"},"modified":"2024-01-18T17:27:37","modified_gmt":"2024-01-18T16:27:37","slug":"nuvola-microfibra","status":"publish","type":"product","link":"https:\/\/www.leclare.it\/de\/shop\/estate\/nuvola-microfibra\/","title":{"rendered":"Pantoffeln Nuvola Mikrofaser"},"content":{"rendered":"<p><span style=\"font-weight: 400\">Atmungsaktive, elastische Mikrofaser-Pantoffeln, das Material, das wir bei Le Clare verwenden, ist ideal f\u00fcr die Zwischensaison und passt sich dank seiner Elastizit\u00e4t an alle Fu\u00dftypen an. Innenfu\u00dfbett mit einem 1,5 cm hohen Absatz aus expandiertem Eva ist extrem leicht und mit atmungsaktiver Mikrofaser ausgekleidet. Die Mikrofaser ist angenehm auf der Haut und bietet au\u00dfergew\u00f6hnlichen Komfort und Passform. Wir produzieren unsere Topmodelle Alice, Stella, Nuvola und Vento aus diesem fantastischen Material.<\/span><\/p>\n","protected":false},"excerpt":{"rendered":"<ul>\n<li><span style=\"font-weight: 400\">K\u00fchle und atmungsaktive Stretch-Mikrofaser<\/span><\/li>\n<li><span style=\"font-weight: 400\">Angenehm im Griff und komfortabel<\/span><\/li>\n<\/ul>\n","protected":false},"featured_media":12543,"comment_status":"open","ping_status":"closed","template":"","meta":{"_trash_the_other_posts":false},"product_brand":[],"product_cat":[146,145,144],"product_tag":[187],"class_list":{"0":"post-12542","1":"product","2":"type-product","3":"status-publish","4":"has-post-thumbnail","6":"product_cat-estate","7":"product_cat-donna","8":"product_cat-uomo","9":"product_tag-microfibra","10":"pa_size-35-eu","11":"pa_size-36-eu","12":"pa_size-37-eu","13":"pa_size-38-eu","14":"pa_size-39-eu","15":"pa_size-40-eu","16":"pa_size-41-eu","17":"pa_size-42-eu","18":"pa_size-43-eu","19":"pa_size-44-eu","20":"pa_size-45-eu","21":"pa_size-46-eu","23":"first","24":"instock","25":"sale","26":"taxable","27":"shipping-taxable","28":"purchasable","29":"product-type-variable","30":"has-default-attributes"},"_links":{"self":[{"href":"https:\/\/www.leclare.it\/de\/wp-json\/wp\/v2\/product\/12542","targetHints":{"allow":["GET"]}}],"collection":[{"href":"https:\/\/www.leclare.it\/de\/wp-json\/wp\/v2\/product"}],"about":[{"href":"https:\/\/www.leclare.it\/de\/wp-json\/wp\/v2\/types\/product"}],"replies":[{"embeddable":true,"href":"https:\/\/www.leclare.it\/de\/wp-json\/wp\/v2\/comments?post=12542"}],"wp:featuredmedia":[{"embeddable":true,"href":"https:\/\/www.leclare.it\/de\/wp-json\/wp\/v2\/media\/12543"}],"wp:attachment":[{"href":"https:\/\/www.leclare.it\/de\/wp-json\/wp\/v2\/media?parent=12542"}],"wp:term":[{"taxonomy":"product_brand","embeddable":true,"href":"https:\/\/www.leclare.it\/de\/wp-json\/wp\/v2\/product_brand?post=12542"},{"taxonomy":"product_cat","embeddable":true,"href":"https:\/\/www.leclare.it\/de\/wp-json\/wp\/v2\/product_cat?post=12542"},{"taxonomy":"product_tag","embeddable":true,"href":"https:\/\/www.leclare.it\/de\/wp-json\/wp\/v2\/product_tag?post=12542"}],"curies":[{"name":"wp","href":"https:\/\/api.w.org\/{rel}","templated":true}]}}