{"id":11324,"date":"2021-11-19T09:20:12","date_gmt":"2021-11-19T09:20:12","guid":{"rendered":"https:\/\/www.leclare.it\/?post_type=product&#038;p=11324"},"modified":"2024-03-14T10:27:13","modified_gmt":"2024-03-14T09:27:13","slug":"le-clare-tour","status":"publish","type":"product","link":"https:\/\/www.leclare.it\/de\/shop\/travel\/le-clare-tour\/","title":{"rendered":"Pantoffeln Le Clare Tour"},"content":{"rendered":"<p><span style=\"font-weight: 400;\">Damit sich Ihre G\u00e4ste wohlf\u00fchlen oder Sie sich zu Hause f\u00fchlen, auch wenn Sie im Winter unterwegs sind, bietet Le Clare einen sehr bequemen Hausschuh an: Le Clare Tour. Der Hausschuh ist aus Wollstoff gefertigt, die Innensohle in einer zum Schaft kontrastierenden Farbe. Und er wird in einem praktischen, wiederverwendbaren Beutel mit Rei\u00dfverschluss geliefert, so dass Sie Le Clare Tour immer mitnehmen k\u00f6nnen.<\/span><\/p>\n","protected":false},"excerpt":{"rendered":"<ul>\n<li><span style=\"font-weight: 400;\">Hausschuhe aus Wollstoff<\/span><\/li>\n<li><span style=\"font-weight: 400;\"> Einlegesohle in Kontrastfarbe zum Obermaterial<\/span><\/li>\n<li><span style=\"font-weight: 400;\">In einem praktischen, wiederverwendbaren Beutel mit Rei\u00dfverschluss<\/span><\/li>\n<\/ul>\n","protected":false},"featured_media":11325,"comment_status":"open","ping_status":"closed","template":"","meta":{"_trash_the_other_posts":false},"product_brand":[],"product_cat":[198],"product_tag":[181],"class_list":{"0":"post-11324","1":"product","2":"type-product","3":"status-publish","4":"has-post-thumbnail","6":"product_cat-travel","7":"product_tag-tour","8":"pa_size-35-eu","9":"pa_size-36-eu","10":"pa_size-37-eu","11":"pa_size-38-eu","12":"pa_size-39-eu","13":"pa_size-40-eu","14":"pa_size-41-eu","15":"pa_size-42-eu","16":"pa_size-43-eu","17":"pa_size-44-eu","18":"pa_size-45-eu","19":"pa_size-46-eu","21":"first","22":"instock","23":"taxable","24":"shipping-taxable","25":"purchasable","26":"product-type-variable"},"_links":{"self":[{"href":"https:\/\/www.leclare.it\/de\/wp-json\/wp\/v2\/product\/11324","targetHints":{"allow":["GET"]}}],"collection":[{"href":"https:\/\/www.leclare.it\/de\/wp-json\/wp\/v2\/product"}],"about":[{"href":"https:\/\/www.leclare.it\/de\/wp-json\/wp\/v2\/types\/product"}],"replies":[{"embeddable":true,"href":"https:\/\/www.leclare.it\/de\/wp-json\/wp\/v2\/comments?post=11324"}],"wp:featuredmedia":[{"embeddable":true,"href":"https:\/\/www.leclare.it\/de\/wp-json\/wp\/v2\/media\/11325"}],"wp:attachment":[{"href":"https:\/\/www.leclare.it\/de\/wp-json\/wp\/v2\/media?parent=11324"}],"wp:term":[{"taxonomy":"product_brand","embeddable":true,"href":"https:\/\/www.leclare.it\/de\/wp-json\/wp\/v2\/product_brand?post=11324"},{"taxonomy":"product_cat","embeddable":true,"href":"https:\/\/www.leclare.it\/de\/wp-json\/wp\/v2\/product_cat?post=11324"},{"taxonomy":"product_tag","embeddable":true,"href":"https:\/\/www.leclare.it\/de\/wp-json\/wp\/v2\/product_tag?post=11324"}],"curies":[{"name":"wp","href":"https:\/\/api.w.org\/{rel}","templated":true}]}}