{"id":6201,"date":"2021-03-30T15:32:27","date_gmt":"2021-03-30T15:32:27","guid":{"rendered":"https:\/\/www.leclare.it\/?page_id=6201"},"modified":"2023-01-16T09:30:33","modified_gmt":"2023-01-16T08:30:33","slug":"about","status":"publish","type":"page","link":"https:\/\/www.leclare.it\/de\/about\/","title":{"rendered":"About"},"content":{"rendered":"\t\t<div data-elementor-type=\"wp-page\" data-elementor-id=\"6201\" class=\"elementor elementor-6201\" data-elementor-post-type=\"page\">\n\t\t\t\t\t\t<section class=\"elementor-section elementor-top-section elementor-element elementor-element-08ec72d elementor-section-boxed elementor-section-height-default elementor-section-height-default\" data-id=\"08ec72d\" data-element_type=\"section\" data-e-type=\"section\" data-settings=\"{&quot;background_background&quot;:&quot;video&quot;,&quot;background_video_link&quot;:&quot;https:\\\/\\\/youtu.be\\\/WbwutBVRFxg&quot;}\">\n\t\t\t\t\t\t\t\t<div class=\"elementor-background-video-container elementor-hidden-mobile\">\n\t\t\t\t\t\t\t\t\t\t\t\t\t<div class=\"elementor-background-video-embed\" role=\"presentation\"><\/div>\n\t\t\t\t\t\t\t\t\t\t\t\t<\/div>\n\t\t\t\t\t\t\t\t\t<div class=\"elementor-background-overlay\"><\/div>\n\t\t\t\t\t\t\t<div class=\"elementor-container elementor-column-gap-default\">\n\t\t\t\t\t<div class=\"elementor-column elementor-col-100 elementor-top-column elementor-element elementor-element-6808887e\" data-id=\"6808887e\" data-element_type=\"column\" data-e-type=\"column\">\n\t\t\t<div class=\"elementor-widget-wrap elementor-element-populated\">\n\t\t\t\t\t\t<section class=\"elementor-section elementor-inner-section elementor-element elementor-element-46edf472 elementor-section-boxed elementor-section-height-default elementor-section-height-default\" data-id=\"46edf472\" data-element_type=\"section\" data-e-type=\"section\">\n\t\t\t\t\t\t<div class=\"elementor-container elementor-column-gap-default\">\n\t\t\t\t\t<div class=\"elementor-column elementor-col-50 elementor-inner-column elementor-element elementor-element-e67420b\" data-id=\"e67420b\" data-element_type=\"column\" data-e-type=\"column\">\n\t\t\t<div class=\"elementor-widget-wrap elementor-element-populated\">\n\t\t\t\t\t\t<div class=\"elementor-element elementor-element-34a2d664 elementor-widget elementor-widget-heading\" data-id=\"34a2d664\" data-element_type=\"widget\" data-e-type=\"widget\" data-widget_type=\"heading.default\">\n\t\t\t\t<div class=\"elementor-widget-container\">\n\t\t\t\t\t<h2 class=\"elementor-heading-title elementor-size-default\">LeClare: authentisches Schuhwerk made in Italy\n\n\n<\/h2>\t\t\t\t<\/div>\n\t\t\t\t<\/div>\n\t\t\t\t\t<\/div>\n\t\t<\/div>\n\t\t\t\t<div class=\"elementor-column elementor-col-50 elementor-inner-column elementor-element elementor-element-41ff57fc\" data-id=\"41ff57fc\" data-element_type=\"column\" data-e-type=\"column\">\n\t\t\t<div class=\"elementor-widget-wrap\">\n\t\t\t\t\t\t\t<\/div>\n\t\t<\/div>\n\t\t\t\t\t<\/div>\n\t\t<\/section>\n\t\t\t\t\t<\/div>\n\t\t<\/div>\n\t\t\t\t\t<\/div>\n\t\t<\/section>\n\t\t\t\t<section class=\"elementor-section elementor-top-section elementor-element elementor-element-4bd1359 elementor-section-boxed elementor-section-height-default elementor-section-height-default\" data-id=\"4bd1359\" data-element_type=\"section\" data-e-type=\"section\">\n\t\t\t\t\t\t<div class=\"elementor-container elementor-column-gap-default\">\n\t\t\t\t\t<div class=\"elementor-column elementor-col-100 elementor-top-column elementor-element elementor-element-408ef86e\" data-id=\"408ef86e\" data-element_type=\"column\" data-e-type=\"column\">\n\t\t\t<div class=\"elementor-widget-wrap elementor-element-populated\">\n\t\t\t\t\t\t<div class=\"elementor-element elementor-element-600fc9d9 elementor-widget elementor-widget-heading\" data-id=\"600fc9d9\" data-element_type=\"widget\" data-e-type=\"widget\" data-widget_type=\"heading.default\">\n\t\t\t\t<div class=\"elementor-widget-container\">\n\t\t\t\t\t<h2 class=\"elementor-heading-title elementor-size-default\">Wie werden die Le Clare-Produkte hergestellt?<\/h2>\t\t\t\t<\/div>\n\t\t\t\t<\/div>\n\t\t\t\t<div class=\"elementor-element elementor-element-4ca35eb3 elementor-widget elementor-widget-text-editor\" data-id=\"4ca35eb3\" data-element_type=\"widget\" data-e-type=\"widget\" data-widget_type=\"text-editor.default\">\n\t\t\t\t<div class=\"elementor-widget-container\">\n\t\t\t\t\t\t\t\t\t<p><span style=\"font-weight: 400;\">Von der Suche nach den Rohstoffen bis hin zur Herstellung und Verpackung werden in der Werkstatt von Le Clare in Treviso alle Schritte mit Sorgfalt und Aufmerksamkeit durchgef\u00fchrt, um unseren Kunden ein Qualit\u00e4tsprodukt zu garantieren, das lange Zeit h\u00e4lt.<\/span><\/p>\t\t\t\t\t\t\t\t<\/div>\n\t\t\t\t<\/div>\n\t\t\t\t<div class=\"elementor-element elementor-element-5713b151 elementor-widget elementor-widget-video\" data-id=\"5713b151\" data-element_type=\"widget\" data-e-type=\"widget\" data-settings=\"{&quot;video_type&quot;:&quot;vimeo&quot;,&quot;show_image_overlay&quot;:&quot;yes&quot;,&quot;image_overlay&quot;:{&quot;url&quot;:&quot;https:\\\/\\\/www.leclare.it\\\/wp-content\\\/uploads\\\/2022\\\/08\\\/immagine-preview-1.jpg&quot;,&quot;id&quot;:14118,&quot;size&quot;:&quot;&quot;},&quot;lazy_load&quot;:&quot;yes&quot;}\" data-widget_type=\"video.default\">\n\t\t\t\t<div class=\"elementor-widget-container\">\n\t\t\t\t\t\t\t<div class=\"elementor-wrapper elementor-open-inline\">\n\t\t\t<iframe class=\"elementor-video-iframe\" allowfullscreen allow=\"clipboard-write\" title=\"vimeo Video Player\" data-lazy-load=\"https:\/\/player.vimeo.com\/video\/773283313?color&amp;autopause=0&amp;loop=0&amp;muted=0&amp;title=1&amp;portrait=1&amp;byline=1#t=\"><\/iframe>\t\t\t\t<div class=\"elementor-custom-embed-image-overlay\" style=\"background-image: url(https:\/\/www.leclare.it\/de\/wp-content\/uploads\/sites\/13\/2022\/08\/immagine-preview-1.jpg);\">\n\t\t\t\t\t\t\t\t\t\t\t\t\t\t\t\t<div class=\"elementor-custom-embed-play\" role=\"button\" aria-label=\"Video abspielen\" tabindex=\"0\">\n\t\t\t\t\t\t\t<svg aria-hidden=\"true\" class=\"e-font-icon-svg e-eicon-play\" viewBox=\"0 0 1000 1000\" xmlns=\"http:\/\/www.w3.org\/2000\/svg\"><path d=\"M838 162C746 71 633 25 500 25 371 25 258 71 163 162 71 254 25 367 25 500 25 633 71 746 163 837 254 929 367 979 500 979 633 979 746 933 838 837 929 746 975 633 975 500 975 367 929 254 838 162M808 192C892 279 933 379 933 500 933 621 892 725 808 808 725 892 621 938 500 938 379 938 279 896 196 808 113 725 67 621 67 500 67 379 108 279 196 192 279 108 383 62 500 62 621 62 721 108 808 192M438 392V642L642 517 438 392Z\"><\/path><\/svg>\t\t\t\t\t\t<\/div>\n\t\t\t\t\t\t\t\t\t<\/div>\n\t\t\t\t\t<\/div>\n\t\t\t\t\t\t<\/div>\n\t\t\t\t<\/div>\n\t\t\t\t\t<\/div>\n\t\t<\/div>\n\t\t\t\t\t<\/div>\n\t\t<\/section>\n\t\t\t\t<section class=\"elementor-section elementor-top-section elementor-element elementor-element-4b2f7a2 elementor-section-boxed elementor-section-height-default elementor-section-height-default\" data-id=\"4b2f7a2\" data-element_type=\"section\" data-e-type=\"section\">\n\t\t\t\t\t\t<div class=\"elementor-container elementor-column-gap-default\">\n\t\t\t\t\t<div class=\"elementor-column elementor-col-100 elementor-top-column elementor-element elementor-element-67ddc6bd\" data-id=\"67ddc6bd\" data-element_type=\"column\" data-e-type=\"column\">\n\t\t\t<div class=\"elementor-widget-wrap elementor-element-populated\">\n\t\t\t\t\t\t<section class=\"elementor-section elementor-inner-section elementor-element elementor-element-5c2c1ae3 elementor-section-height-min-height elementor-section-boxed elementor-section-height-default\" data-id=\"5c2c1ae3\" data-element_type=\"section\" data-e-type=\"section\">\n\t\t\t\t\t\t<div class=\"elementor-container elementor-column-gap-default\">\n\t\t\t\t\t<div class=\"elementor-column elementor-col-50 elementor-inner-column elementor-element elementor-element-7a4bf1c6\" data-id=\"7a4bf1c6\" data-element_type=\"column\" data-e-type=\"column\">\n\t\t\t<div class=\"elementor-widget-wrap elementor-element-populated\">\n\t\t\t\t\t\t<div class=\"elementor-element elementor-element-3d246778 text-center elementor-widget elementor-widget-tp-draw-svg\" data-id=\"3d246778\" data-element_type=\"widget\" data-e-type=\"widget\" data-widget_type=\"tp-draw-svg.default\">\n\t\t\t\t<div class=\"elementor-widget-container\">\n\t\t\t\t\t<div class=\"pt_plus_animated_svg-an\"><div class=\"pt_plus_animated_svg  center svg6a0902d3ea9be \"  data-id=\"svg6a0902d3ea9be\" data-type=\"sync\" data-duration=\"120\" data-stroke=\"#8072fc\" data-fill_color=\"#000\" data-svg_fill_enable=\"yes\" data-svg_loop_enable=\"no\"><div class=\"svg_inner_block\"><object id=\"svg6a0902d3ea9be\" type=\"image\/svg+xml\" data=\"https:\/\/www.leclare.it\/wp-content\/uploads\/2021\/03\/003-flip-flops-2-1.svg\" ><\/object><\/div><\/div><\/div>\t\t\t\t<\/div>\n\t\t\t\t<\/div>\n\t\t\t\t<div class=\"elementor-element elementor-element-6ece4e65 elementor-widget elementor-widget-heading\" data-id=\"6ece4e65\" data-element_type=\"widget\" data-e-type=\"widget\" data-widget_type=\"heading.default\">\n\t\t\t\t<div class=\"elementor-widget-container\">\n\t\t\t\t\t<h3 class=\"elementor-heading-title elementor-size-default\">Die Geschichte von Le Clare<\/h3>\t\t\t\t<\/div>\n\t\t\t\t<\/div>\n\t\t\t\t<div class=\"elementor-element elementor-element-4dcfef93 elementor-widget elementor-widget-text-editor\" data-id=\"4dcfef93\" data-element_type=\"widget\" data-e-type=\"widget\" data-widget_type=\"text-editor.default\">\n\t\t\t\t<div class=\"elementor-widget-container\">\n\t\t\t\t\t\t\t\t\t<p><span style=\"font-weight: 400;\">Claras Abenteuer begann 2004 auf dem Land in der N\u00e4he von Treviso, wo sie Le Clare gr\u00fcndete, ein Handwerksunternehmen, das sich auf die Herstellung und das Design von hochwertigen Hausschuhen und Sandalen spezialisiert hat, mit dem Ziel, ein einzigartiges Produkt zu schaffen.<\/span><\/p>\t\t\t\t\t\t\t\t<\/div>\n\t\t\t\t<\/div>\n\t\t\t\t<div class=\"elementor-element elementor-element-3c32cb50 elementor-widget elementor-widget-text-editor\" data-id=\"3c32cb50\" data-element_type=\"widget\" data-e-type=\"widget\" data-widget_type=\"text-editor.default\">\n\t\t\t\t<div class=\"elementor-widget-container\">\n\t\t\t\t\t\t\t\t\t<a style=\"color: #1d1d1d;\" href=\"https:\/\/www.leclare.it\/de\/donna-estate\/\" rel=\"noopener\"><span style=\"text-decoration: underline; font-size: 14px; letter-spacing: 1px;\">Erfahren Sie die Modelle f\u00fcr Frauen\n<\/span>&gt;<\/a>\t\t\t\t\t\t\t\t<\/div>\n\t\t\t\t<\/div>\n\t\t\t\t\t<\/div>\n\t\t<\/div>\n\t\t\t\t<div class=\"elementor-column elementor-col-50 elementor-inner-column elementor-element elementor-element-4ff5f088\" data-id=\"4ff5f088\" data-element_type=\"column\" data-e-type=\"column\" data-settings=\"{&quot;background_background&quot;:&quot;classic&quot;}\">\n\t\t\t<div class=\"elementor-widget-wrap elementor-element-populated\">\n\t\t\t\t\t\t<div class=\"elementor-element elementor-element-d5fe3f0 elementor-widget elementor-widget-spacer\" data-id=\"d5fe3f0\" data-element_type=\"widget\" data-e-type=\"widget\" data-widget_type=\"spacer.default\">\n\t\t\t\t<div class=\"elementor-widget-container\">\n\t\t\t\t\t\t\t<div class=\"elementor-spacer\">\n\t\t\t<div class=\"elementor-spacer-inner\"><\/div>\n\t\t<\/div>\n\t\t\t\t\t\t<\/div>\n\t\t\t\t<\/div>\n\t\t\t\t\t<\/div>\n\t\t<\/div>\n\t\t\t\t\t<\/div>\n\t\t<\/section>\n\t\t\t\t\t<\/div>\n\t\t<\/div>\n\t\t\t\t\t<\/div>\n\t\t<\/section>\n\t\t\t\t<section class=\"elementor-section elementor-top-section elementor-element elementor-element-05c8dc2 elementor-section-boxed elementor-section-height-default elementor-section-height-default\" data-id=\"05c8dc2\" data-element_type=\"section\" data-e-type=\"section\">\n\t\t\t\t\t\t<div class=\"elementor-container elementor-column-gap-default\">\n\t\t\t\t\t<div class=\"elementor-column elementor-col-100 elementor-top-column elementor-element elementor-element-b2d3663\" data-id=\"b2d3663\" data-element_type=\"column\" data-e-type=\"column\">\n\t\t\t<div class=\"elementor-widget-wrap elementor-element-populated\">\n\t\t\t\t\t\t<section class=\"elementor-section elementor-inner-section elementor-element elementor-element-ec2d5eb elementor-section-height-min-height elementor-reverse-tablet elementor-reverse-mobile elementor-section-boxed elementor-section-height-default\" data-id=\"ec2d5eb\" data-element_type=\"section\" data-e-type=\"section\">\n\t\t\t\t\t\t<div class=\"elementor-container elementor-column-gap-default\">\n\t\t\t\t\t<div class=\"elementor-column elementor-col-50 elementor-inner-column elementor-element elementor-element-53e20e7\" data-id=\"53e20e7\" data-element_type=\"column\" data-e-type=\"column\" data-settings=\"{&quot;background_background&quot;:&quot;classic&quot;}\">\n\t\t\t<div class=\"elementor-widget-wrap elementor-element-populated\">\n\t\t\t\t\t\t<div class=\"elementor-element elementor-element-ef13e3e elementor-widget elementor-widget-spacer\" data-id=\"ef13e3e\" data-element_type=\"widget\" data-e-type=\"widget\" data-widget_type=\"spacer.default\">\n\t\t\t\t<div class=\"elementor-widget-container\">\n\t\t\t\t\t\t\t<div class=\"elementor-spacer\">\n\t\t\t<div class=\"elementor-spacer-inner\"><\/div>\n\t\t<\/div>\n\t\t\t\t\t\t<\/div>\n\t\t\t\t<\/div>\n\t\t\t\t\t<\/div>\n\t\t<\/div>\n\t\t\t\t<div class=\"elementor-column elementor-col-50 elementor-inner-column elementor-element elementor-element-48f71e2\" data-id=\"48f71e2\" data-element_type=\"column\" data-e-type=\"column\">\n\t\t\t<div class=\"elementor-widget-wrap elementor-element-populated\">\n\t\t\t\t\t\t<div class=\"elementor-element elementor-element-ebb03e9 text-center elementor-widget elementor-widget-tp-draw-svg\" data-id=\"ebb03e9\" data-element_type=\"widget\" data-e-type=\"widget\" data-widget_type=\"tp-draw-svg.default\">\n\t\t\t\t<div class=\"elementor-widget-container\">\n\t\t\t\t\t<div class=\"pt_plus_animated_svg-an\"><div class=\"pt_plus_animated_svg  center svg6a0902d3ecc43 \"  data-id=\"svg6a0902d3ecc43\" data-type=\"sync\" data-duration=\"120\" data-stroke=\"#8072fc\" data-fill_color=\"#000\" data-svg_fill_enable=\"yes\" data-svg_loop_enable=\"no\"><div class=\"svg_inner_block\"><object id=\"svg6a0902d3ecc43\" type=\"image\/svg+xml\" data=\"https:\/\/www.leclare.it\/wp-content\/uploads\/2021\/03\/001-needle-1.svg\" ><\/object><\/div><\/div><\/div>\t\t\t\t<\/div>\n\t\t\t\t<\/div>\n\t\t\t\t<div class=\"elementor-element elementor-element-677bd98 elementor-widget elementor-widget-heading\" data-id=\"677bd98\" data-element_type=\"widget\" data-e-type=\"widget\" data-widget_type=\"heading.default\">\n\t\t\t\t<div class=\"elementor-widget-container\">\n\t\t\t\t\t<h3 class=\"elementor-heading-title elementor-size-default\">Die Tradition\n<\/h3>\t\t\t\t<\/div>\n\t\t\t\t<\/div>\n\t\t\t\t<div class=\"elementor-element elementor-element-994ec42 elementor-widget elementor-widget-text-editor\" data-id=\"994ec42\" data-element_type=\"widget\" data-e-type=\"widget\" data-widget_type=\"text-editor.default\">\n\t\t\t\t<div class=\"elementor-widget-container\">\n\t\t\t\t\t\t\t\t\t<p><span style=\"font-weight: 400;\">Wir verwenden haupts\u00e4chlich hochwertige Materialien wie gekochte Wolle und Filz, die Qualit\u00e4t und Komfort gew\u00e4hrleisten. Ein Teil des Zuschnitts erfolgt in der eigenen Werkstatt von Le Clare<\/span><\/p>\t\t\t\t\t\t\t\t<\/div>\n\t\t\t\t<\/div>\n\t\t\t\t<div class=\"elementor-element elementor-element-c36744b elementor-widget elementor-widget-text-editor\" data-id=\"c36744b\" data-element_type=\"widget\" data-e-type=\"widget\" data-widget_type=\"text-editor.default\">\n\t\t\t\t<div class=\"elementor-widget-container\">\n\t\t\t\t\t\t\t\t\t<a style=\"color: #1d1d1d;\" href=\"https:\/\/www.leclare.it\/de\/uomo-estate\/\" rel=\"noopener\"><span style=\"text-decoration: underline; font-size: 14px; letter-spacing: 1px;\">Alle Modelle f\u00fcr M\u00e4nner \n<\/span> &gt;<\/a>\t\t\t\t\t\t\t\t<\/div>\n\t\t\t\t<\/div>\n\t\t\t\t\t<\/div>\n\t\t<\/div>\n\t\t\t\t\t<\/div>\n\t\t<\/section>\n\t\t\t\t\t<\/div>\n\t\t<\/div>\n\t\t\t\t\t<\/div>\n\t\t<\/section>\n\t\t\t\t<section class=\"elementor-section elementor-top-section elementor-element elementor-element-200d677 elementor-section-boxed elementor-section-height-default elementor-section-height-default\" data-id=\"200d677\" data-element_type=\"section\" data-e-type=\"section\">\n\t\t\t\t\t\t<div class=\"elementor-container elementor-column-gap-default\">\n\t\t\t\t\t<div class=\"elementor-column elementor-col-100 elementor-top-column elementor-element elementor-element-72c2bff2\" data-id=\"72c2bff2\" data-element_type=\"column\" data-e-type=\"column\">\n\t\t\t<div class=\"elementor-widget-wrap elementor-element-populated\">\n\t\t\t\t\t\t<div class=\"elementor-element elementor-element-31b29d5 elementor-hidden-phone elementor-widget elementor-widget-heading\" data-id=\"31b29d5\" data-element_type=\"widget\" data-e-type=\"widget\" data-widget_type=\"heading.default\">\n\t\t\t\t<div class=\"elementor-widget-container\">\n\t\t\t\t\t<h2 class=\"elementor-heading-title elementor-size-default\"> Wir sind \u2026 erschienen\n\n\n<\/h2>\t\t\t\t<\/div>\n\t\t\t\t<\/div>\n\t\t\t\t<section class=\"elementor-section elementor-inner-section elementor-element elementor-element-147db031 elementor-hidden-tablet elementor-hidden-phone elementor-section-boxed elementor-section-height-default elementor-section-height-default\" data-id=\"147db031\" data-element_type=\"section\" data-e-type=\"section\">\n\t\t\t\t\t\t<div class=\"elementor-container elementor-column-gap-default\">\n\t\t\t\t\t<div class=\"elementor-column elementor-col-20 elementor-inner-column elementor-element elementor-element-3824d1d8\" data-id=\"3824d1d8\" data-element_type=\"column\" data-e-type=\"column\">\n\t\t\t<div class=\"elementor-widget-wrap elementor-element-populated\">\n\t\t\t\t\t\t<div class=\"elementor-element elementor-element-37c49091 elementor-widget elementor-widget-image\" data-id=\"37c49091\" data-element_type=\"widget\" data-e-type=\"widget\" data-widget_type=\"image.default\">\n\t\t\t\t<div class=\"elementor-widget-container\">\n\t\t\t\t\t\t\t\t\t\t\t\t\t\t\t\t<a href=\"https:\/\/www.ilsole24ore.com\/art\/la-spinta-amazon-vendite-online-ADnK8hLB\" target=\"_blank\">\n\t\t\t\t\t\t\t<img fetchpriority=\"high\" decoding=\"async\" width=\"600\" height=\"177\" src=\"https:\/\/www.leclare.it\/de\/wp-content\/uploads\/sites\/13\/2021\/04\/sole24ore-1.jpg\" class=\"attachment-large size-large wp-image-8156\" alt=\"\" srcset=\"https:\/\/www.leclare.it\/de\/wp-content\/uploads\/sites\/13\/2021\/04\/sole24ore-1.jpg 600w, https:\/\/www.leclare.it\/de\/wp-content\/uploads\/sites\/13\/2021\/04\/sole24ore-1-300x89.jpg 300w\" sizes=\"(max-width: 600px) 100vw, 600px\" \/>\t\t\t\t\t\t\t\t<\/a>\n\t\t\t\t\t\t\t\t\t\t\t\t\t\t\t<\/div>\n\t\t\t\t<\/div>\n\t\t\t\t\t<\/div>\n\t\t<\/div>\n\t\t\t\t<div class=\"elementor-column elementor-col-20 elementor-inner-column elementor-element elementor-element-8ab446b\" data-id=\"8ab446b\" data-element_type=\"column\" data-e-type=\"column\">\n\t\t\t<div class=\"elementor-widget-wrap elementor-element-populated\">\n\t\t\t\t\t\t<div class=\"elementor-element elementor-element-2f41e562 elementor-widget elementor-widget-image\" data-id=\"2f41e562\" data-element_type=\"widget\" data-e-type=\"widget\" data-widget_type=\"image.default\">\n\t\t\t\t<div class=\"elementor-widget-container\">\n\t\t\t\t\t\t\t\t\t\t\t\t\t\t\t\t<a href=\"https:\/\/www.leclare.it\/wp-content\/uploads\/2021\/04\/le-clare-veneto.pdf\" target=\"_blank\">\n\t\t\t\t\t\t\t<img decoding=\"async\" width=\"600\" height=\"177\" src=\"https:\/\/www.leclare.it\/de\/wp-content\/uploads\/sites\/13\/2021\/04\/corriere-veneto-1.jpg\" class=\"attachment-large size-large wp-image-8157\" alt=\"\" srcset=\"https:\/\/www.leclare.it\/de\/wp-content\/uploads\/sites\/13\/2021\/04\/corriere-veneto-1.jpg 600w, https:\/\/www.leclare.it\/de\/wp-content\/uploads\/sites\/13\/2021\/04\/corriere-veneto-1-300x89.jpg 300w\" sizes=\"(max-width: 600px) 100vw, 600px\" \/>\t\t\t\t\t\t\t\t<\/a>\n\t\t\t\t\t\t\t\t\t\t\t\t\t\t\t<\/div>\n\t\t\t\t<\/div>\n\t\t\t\t\t<\/div>\n\t\t<\/div>\n\t\t\t\t<div class=\"elementor-column elementor-col-20 elementor-inner-column elementor-element elementor-element-51361067\" data-id=\"51361067\" data-element_type=\"column\" data-e-type=\"column\">\n\t\t\t<div class=\"elementor-widget-wrap elementor-element-populated\">\n\t\t\t\t\t\t<div class=\"elementor-element elementor-element-132f2f44 elementor-widget elementor-widget-image\" data-id=\"132f2f44\" data-element_type=\"widget\" data-e-type=\"widget\" data-widget_type=\"image.default\">\n\t\t\t\t<div class=\"elementor-widget-container\">\n\t\t\t\t\t\t\t\t\t\t\t\t\t\t\t\t<a href=\"https:\/\/www.ilgazzettino.it\/pay\/treviso_pay\/lavorare_da_casa_le_pantofole_trevigiane_vanno_a_ruba-5792131.html\" target=\"_blank\">\n\t\t\t\t\t\t\t<img decoding=\"async\" width=\"600\" height=\"177\" src=\"https:\/\/www.leclare.it\/de\/wp-content\/uploads\/sites\/13\/2021\/04\/gazzettino-1.jpg\" class=\"attachment-large size-large wp-image-8158\" alt=\"\" srcset=\"https:\/\/www.leclare.it\/de\/wp-content\/uploads\/sites\/13\/2021\/04\/gazzettino-1.jpg 600w, https:\/\/www.leclare.it\/de\/wp-content\/uploads\/sites\/13\/2021\/04\/gazzettino-1-300x89.jpg 300w\" sizes=\"(max-width: 600px) 100vw, 600px\" \/>\t\t\t\t\t\t\t\t<\/a>\n\t\t\t\t\t\t\t\t\t\t\t\t\t\t\t<\/div>\n\t\t\t\t<\/div>\n\t\t\t\t\t<\/div>\n\t\t<\/div>\n\t\t\t\t<div class=\"elementor-column elementor-col-20 elementor-inner-column elementor-element elementor-element-5b37ae43\" data-id=\"5b37ae43\" data-element_type=\"column\" data-e-type=\"column\">\n\t\t\t<div class=\"elementor-widget-wrap elementor-element-populated\">\n\t\t\t\t\t\t<div class=\"elementor-element elementor-element-54cfb36a elementor-widget elementor-widget-image\" data-id=\"54cfb36a\" data-element_type=\"widget\" data-e-type=\"widget\" data-widget_type=\"image.default\">\n\t\t\t\t<div class=\"elementor-widget-container\">\n\t\t\t\t\t\t\t\t\t\t\t\t\t\t\t\t<a href=\"https:\/\/www.leclare.it\/wp-content\/uploads\/2021\/04\/le-clare-mattino.pdf\" target=\"_blank\">\n\t\t\t\t\t\t\t<img loading=\"lazy\" decoding=\"async\" width=\"600\" height=\"177\" src=\"https:\/\/www.leclare.it\/de\/wp-content\/uploads\/sites\/13\/2021\/04\/mattino-1.jpg\" class=\"attachment-large size-large wp-image-8159\" alt=\"\" srcset=\"https:\/\/www.leclare.it\/de\/wp-content\/uploads\/sites\/13\/2021\/04\/mattino-1.jpg 600w, https:\/\/www.leclare.it\/de\/wp-content\/uploads\/sites\/13\/2021\/04\/mattino-1-300x89.jpg 300w\" sizes=\"(max-width: 600px) 100vw, 600px\" \/>\t\t\t\t\t\t\t\t<\/a>\n\t\t\t\t\t\t\t\t\t\t\t\t\t\t\t<\/div>\n\t\t\t\t<\/div>\n\t\t\t\t\t<\/div>\n\t\t<\/div>\n\t\t\t\t<div class=\"elementor-column elementor-col-20 elementor-inner-column elementor-element elementor-element-3521138\" data-id=\"3521138\" data-element_type=\"column\" data-e-type=\"column\">\n\t\t\t<div class=\"elementor-widget-wrap elementor-element-populated\">\n\t\t\t\t\t\t<div class=\"elementor-element elementor-element-57ec27ca elementor-widget elementor-widget-image\" data-id=\"57ec27ca\" data-element_type=\"widget\" data-e-type=\"widget\" data-widget_type=\"image.default\">\n\t\t\t\t<div class=\"elementor-widget-container\">\n\t\t\t\t\t\t\t\t\t\t\t\t\t\t\t\t<a href=\"https:\/\/www.vogue.com\/article\/comfortable-chic-slippers-winter-holiday-fashion\" target=\"_blank\">\n\t\t\t\t\t\t\t<img loading=\"lazy\" decoding=\"async\" width=\"600\" height=\"177\" src=\"https:\/\/www.leclare.it\/de\/wp-content\/uploads\/sites\/13\/2021\/04\/vouge1-1-1.jpg\" class=\"attachment-large size-large wp-image-8160\" alt=\"\" srcset=\"https:\/\/www.leclare.it\/de\/wp-content\/uploads\/sites\/13\/2021\/04\/vouge1-1-1.jpg 600w, https:\/\/www.leclare.it\/de\/wp-content\/uploads\/sites\/13\/2021\/04\/vouge1-1-1-300x89.jpg 300w\" sizes=\"(max-width: 600px) 100vw, 600px\" \/>\t\t\t\t\t\t\t\t<\/a>\n\t\t\t\t\t\t\t\t\t\t\t\t\t\t\t<\/div>\n\t\t\t\t<\/div>\n\t\t\t\t\t<\/div>\n\t\t<\/div>\n\t\t\t\t\t<\/div>\n\t\t<\/section>\n\t\t\t\t\t<\/div>\n\t\t<\/div>\n\t\t\t\t\t<\/div>\n\t\t<\/section>\n\t\t\t\t<\/div>\n\t\t","protected":false},"excerpt":{"rendered":"<p>LeClare: authentisches Schuhwerk made in Italy Wie werden die Le Clare-Produkte hergestellt? Von der Suche nach den Rohstoffen bis hin zur Herstellung und Verpackung werden in der Werkstatt von Le Clare in Treviso alle Schritte mit Sorgfalt und Aufmerksamkeit durchgef\u00fchrt, um unseren Kunden ein Qualit\u00e4tsprodukt zu garantieren, das lange Zeit h\u00e4lt. https:\/\/vimeo.com\/773283313 Die Geschichte von [&hellip;]<\/p>\n","protected":false},"author":2,"featured_media":0,"parent":0,"menu_order":0,"comment_status":"closed","ping_status":"closed","template":"","meta":{"_trash_the_other_posts":false,"footnotes":""},"class_list":["post-6201","page","type-page","status-publish","hentry"],"_links":{"self":[{"href":"https:\/\/www.leclare.it\/de\/wp-json\/wp\/v2\/pages\/6201","targetHints":{"allow":["GET"]}}],"collection":[{"href":"https:\/\/www.leclare.it\/de\/wp-json\/wp\/v2\/pages"}],"about":[{"href":"https:\/\/www.leclare.it\/de\/wp-json\/wp\/v2\/types\/page"}],"author":[{"embeddable":true,"href":"https:\/\/www.leclare.it\/de\/wp-json\/wp\/v2\/users\/2"}],"replies":[{"embeddable":true,"href":"https:\/\/www.leclare.it\/de\/wp-json\/wp\/v2\/comments?post=6201"}],"version-history":[{"count":33,"href":"https:\/\/www.leclare.it\/de\/wp-json\/wp\/v2\/pages\/6201\/revisions"}],"predecessor-version":[{"id":18377,"href":"https:\/\/www.leclare.it\/de\/wp-json\/wp\/v2\/pages\/6201\/revisions\/18377"}],"wp:attachment":[{"href":"https:\/\/www.leclare.it\/de\/wp-json\/wp\/v2\/media?parent=6201"}],"curies":[{"name":"wp","href":"https:\/\/api.w.org\/{rel}","templated":true}]}}